{"id":746,"date":"2020-10-01T17:35:26","date_gmt":"2020-10-01T17:35:26","guid":{"rendered":"http:\/\/afafloresta.org\/?page_id=746"},"modified":"2021-03-20T18:57:15","modified_gmt":"2021-03-20T18:57:15","slug":"com-ho-fem-2","status":"publish","type":"page","link":"https:\/\/afafloresta.org\/index.php\/com-ho-fem-2\/","title":{"rendered":"COM HO FEM"},"content":{"rendered":"\n<figure class=\"wp-block-image size-large\"><img loading=\"lazy\" decoding=\"async\" width=\"1024\" height=\"576\" src=\"https:\/\/afafloresta.org\/wp-content\/uploads\/2020\/10\/quadre-com-ho-fem-1024x576.jpg\" alt=\"\" class=\"wp-image-895\" srcset=\"https:\/\/afafloresta.org\/wp-content\/uploads\/2020\/10\/quadre-com-ho-fem-1024x576.jpg 1024w, https:\/\/afafloresta.org\/wp-content\/uploads\/2020\/10\/quadre-com-ho-fem-300x169.jpg 300w, https:\/\/afafloresta.org\/wp-content\/uploads\/2020\/10\/quadre-com-ho-fem-768x432.jpg 768w, https:\/\/afafloresta.org\/wp-content\/uploads\/2020\/10\/quadre-com-ho-fem-1536x864.jpg 1536w, https:\/\/afafloresta.org\/wp-content\/uploads\/2020\/10\/quadre-com-ho-fem.jpg 1920w\" sizes=\"auto, (max-width: 1024px) 100vw, 1024px\" \/><\/figure>\n\n\n\n<p class=\"has-medium-font-size\"><strong>La nostra AFA s\u2019organitza en quatre espais diferenciats, per\u00f2 molt connectats:<\/strong><\/p>\n\n\n\n<ul class=\"wp-block-list\"><li><strong>Assemblea i Juntes obertes:<\/strong> \u00e9s un espai de participaci\u00f3, reflexi\u00f3 i de presa de decisions obert a totes les fam\u00edlies de l&#8217;escola.  L&#8217;assemblea es convoca un m\u00ednim de dos cops l\u2019any, a principis i a finals de curs. Les juntes obertes es solen fer un cop al mes, en els mesos que no hi ha assemblea. Les fam\u00edlies associades tenen dret a exercir el seu vot per a concretar objectius anuals i en la presa de decisions durant les assemblees. A les juntes obertes es tracten temes relacionats amb els projectes i objectius anuals, aix\u00ed com temes puntuals que precisin d&#8217;exposici\u00f3.<\/li><\/ul>\n\n\n\n<p><\/p>\n\n\n\n<ul class=\"wp-block-list\"><li><strong>Junta gestora:<\/strong> \u00e9s l\u2019\u00f2rgan executor de les decisions preses en assemblea, i coordina les diferents comissions de treball i estructures de suport. <\/li><\/ul>\n\n\n\n<p><\/p>\n\n\n\n<ul class=\"wp-block-list\"><li><strong>Comissions de treball:<\/strong> es responsabilitzen de l&#8217;execuci\u00f3 i seguiment de les accions programades en cada \u00e0mbit de treball aprovades per la Junta. Bona part de tot el que fem des de l&#8217;AFA es cou aqu\u00ed!<\/li><\/ul>\n\n\n\n<p><\/p>\n\n\n\n<ul class=\"wp-block-list\"><li><strong>Estructures de suport<\/strong>: son els \u00f2rgans encarregats de donar suport al treball de les comissions i de la junta (estructura de secretaria i estructura de comunicaci\u00f3).<\/li><\/ul>\n\n\n\n<p><\/p>\n\n\n\n<ul class=\"wp-block-list\"><li><strong>Fam\u00edlies s\u00f2cies:<\/strong> els drets i deures de les fam\u00edlies s\u00f2cies est\u00e0 recollit en l&#8217;article 5 dels estatus. Podem participar de les reunions mensuals i votar en l&#8217;assemblea general, aix\u00ed com formar part de les diferents comissions de treball. <\/li><\/ul>\n\n\n\n<p class=\"has-medium-font-size\"><strong>Totes les persones que formem part d&#8217;aquest engranatge, a excepci\u00f3 de secretaria, som volunt\u00e0ries. <\/strong><\/p>\n\n\n\n<p class=\"has-text-color has-text-align-center has-large-font-size has-vivid-cyan-blue-color\"><a href=\"https:\/\/afafloresta.org\/index.php\/comissions-2\/\">Anima&#8217;t i <em>AFA<\/em>geix-t&#8217;hi !<\/a><\/p>\n\n\n\n<p class=\"has-text-color has-cyan-bluish-gray-color\"><em>Pots donar-li un cop d&#8217;ull a l&#8217;enlla\u00e7 amb les <strong><a rel=\"noreferrer noopener\" aria-label=\"recomanacions  per al bon funcionament (se abre en una nueva pesta\u00f1a)\" href=\"https:\/\/affac.cat\/suport-ampa-afa\/sobre-lafa\/recomanacions\/\" target=\"_blank\"><span style=\"text-decoration: underline;\">recomanacions  per a un bon funcionament<\/span><\/a> <\/strong>de l&#8217;AFA que proposa l&#8217;AFFAC (Associacions Federades de Fam\u00edlies d&#8217;Alumnes de Catalunya). <\/em><\/p>\n\n\n\n<p><\/p>\n","protected":false},"excerpt":{"rendered":"<p>La nostra AFA s\u2019organitza en quatre espais diferenciats, per\u00f2 molt connectats: Assemblea i Juntes obertes: \u00e9s un espai de participaci\u00f3, reflexi\u00f3 i de presa de decisions obert a totes les fam\u00edlies de l&#8217;escola. L&#8217;assemblea es convoca un m\u00ednim de dos [&hellip;]<\/p>\n","protected":false},"author":1,"featured_media":0,"parent":0,"menu_order":0,"comment_status":"closed","ping_status":"closed","template":"","meta":{"footnotes":""},"class_list":["post-746","page","type-page","status-publish","hentry"],"_links":{"self":[{"href":"https:\/\/afafloresta.org\/index.php\/wp-json\/wp\/v2\/pages\/746","targetHints":{"allow":["GET"]}}],"collection":[{"href":"https:\/\/afafloresta.org\/index.php\/wp-json\/wp\/v2\/pages"}],"about":[{"href":"https:\/\/afafloresta.org\/index.php\/wp-json\/wp\/v2\/types\/page"}],"author":[{"embeddable":true,"href":"https:\/\/afafloresta.org\/index.php\/wp-json\/wp\/v2\/users\/1"}],"replies":[{"embeddable":true,"href":"https:\/\/afafloresta.org\/index.php\/wp-json\/wp\/v2\/comments?post=746"}],"version-history":[{"count":12,"href":"https:\/\/afafloresta.org\/index.php\/wp-json\/wp\/v2\/pages\/746\/revisions"}],"predecessor-version":[{"id":1213,"href":"https:\/\/afafloresta.org\/index.php\/wp-json\/wp\/v2\/pages\/746\/revisions\/1213"}],"wp:attachment":[{"href":"https:\/\/afafloresta.org\/index.php\/wp-json\/wp\/v2\/media?parent=746"}],"curies":[{"name":"wp","href":"https:\/\/api.w.org\/{rel}","templated":true}]}}