{"id":727,"date":"2020-10-02T09:32:06","date_gmt":"2020-10-02T09:32:06","guid":{"rendered":"http:\/\/afafloresta.org\/?page_id=727"},"modified":"2022-11-14T12:14:25","modified_gmt":"2022-11-14T12:14:25","slug":"pagina-de-inicio","status":"publish","type":"page","link":"https:\/\/afafloresta.org\/","title":{"rendered":"Hola Fam\u00edlies!"},"content":{"rendered":"\n<div class=\"wp-block-image\"><figure class=\"aligncenter size-full\"><img loading=\"lazy\" decoding=\"async\" width=\"743\" height=\"349\" src=\"https:\/\/afafloresta.org\/wp-content\/uploads\/2018\/01\/Logo-AFA-e1611918736468.jpg\" alt=\"\" class=\"wp-image-108\" srcset=\"https:\/\/afafloresta.org\/wp-content\/uploads\/2018\/01\/Logo-AFA-e1611918736468.jpg 743w, https:\/\/afafloresta.org\/wp-content\/uploads\/2018\/01\/Logo-AFA-e1611918736468-300x141.jpg 300w\" sizes=\"auto, (max-width: 743px) 100vw, 743px\" \/><\/figure><\/div>\n\n\n\n<p class=\"has-large-font-size\"><strong><em>Us donem la benvinguda a l&#8217;escola i a aquest espai.<\/em>..<\/strong><\/p>\n\n\n\n<p class=\"has-medium-font-size\"> L\u2019AFA som fam\u00edlies volunt\u00e0ries, que contribu\u00efm amb la nostra participaci\u00f3 de diferents maneres.  <\/p>\n\n\n\n<p class=\"has-medium-font-size\">En els darrers anys hem aconseguit molts objectius, per\u00f2 amb la vostra participaci\u00f3 i col\u00b7laboraci\u00f3, encara\nen podrem aconseguir molts m\u00e9s. <\/p>\n\n\n\n<p class=\"has-text-color has-text-align-center has-large-font-size has-vivid-cyan-blue-color\"><em><strong><a href=\"https:\/\/afafloresta.org\/index.php\/comissions-2\/\">Com puc participar?<\/a><\/strong><\/em><\/p>\n\n\n\n<p style=\"font-size:14px\" class=\"has-text-color has-text-align-center has-cyan-bluish-gray-color\"><strong><em>L&#8217;AFA funciona com a entitat sense \u00e0nim de lucre. <\/em><\/strong> <strong><em>Per a ser soci cal abonar una quota anual de 25\u20ac per fam\u00edlia.<\/em><\/strong><\/p>\n","protected":false},"excerpt":{"rendered":"<p>Us donem la benvinguda a l&#8217;escola i a aquest espai&#8230; L\u2019AFA som fam\u00edlies volunt\u00e0ries, que contribu\u00efm amb la nostra participaci\u00f3 de diferents maneres. En els darrers anys hem aconseguit molts objectius, per\u00f2 amb la vostra participaci\u00f3 i col\u00b7laboraci\u00f3, encara en [&hellip;]<\/p>\n","protected":false},"author":1,"featured_media":0,"parent":0,"menu_order":0,"comment_status":"closed","ping_status":"closed","template":"","meta":{"footnotes":""},"class_list":["post-727","page","type-page","status-publish","hentry"],"_links":{"self":[{"href":"https:\/\/afafloresta.org\/index.php\/wp-json\/wp\/v2\/pages\/727","targetHints":{"allow":["GET"]}}],"collection":[{"href":"https:\/\/afafloresta.org\/index.php\/wp-json\/wp\/v2\/pages"}],"about":[{"href":"https:\/\/afafloresta.org\/index.php\/wp-json\/wp\/v2\/types\/page"}],"author":[{"embeddable":true,"href":"https:\/\/afafloresta.org\/index.php\/wp-json\/wp\/v2\/users\/1"}],"replies":[{"embeddable":true,"href":"https:\/\/afafloresta.org\/index.php\/wp-json\/wp\/v2\/comments?post=727"}],"version-history":[{"count":18,"href":"https:\/\/afafloresta.org\/index.php\/wp-json\/wp\/v2\/pages\/727\/revisions"}],"predecessor-version":[{"id":1203,"href":"https:\/\/afafloresta.org\/index.php\/wp-json\/wp\/v2\/pages\/727\/revisions\/1203"}],"wp:attachment":[{"href":"https:\/\/afafloresta.org\/index.php\/wp-json\/wp\/v2\/media?parent=727"}],"curies":[{"name":"wp","href":"https:\/\/api.w.org\/{rel}","templated":true}]}}