{"id":713,"date":"2020-09-26T09:17:52","date_gmt":"2020-09-26T09:17:52","guid":{"rendered":"http:\/\/afafloresta.org\/?page_id=713"},"modified":"2021-09-25T11:09:26","modified_gmt":"2021-09-25T11:09:26","slug":"mobilitat","status":"publish","type":"page","link":"https:\/\/afafloresta.org\/index.php\/comissions-2\/mobilitat\/","title":{"rendered":"MOBILITAT SOSTENIBLE"},"content":{"rendered":"\n<p>Des d&#8217;aquesta comissi\u00f3 volem un <strong>planeta sostenible per a totes i tots<\/strong>. Per aix\u00f2 ens dediquem a treballar perqu\u00e8 les fam\u00edlies coneguin la millor manera d&#8217;accedir a la seva escola de proximitat: amb <strong>vehicles no contaminants, amb transport p\u00fablic, corrent.<\/strong>.. sense mals fums!<br><\/p>\n\n\n\n<p>Hem lluitat per un <strong>cam\u00ed escolar segur<\/strong> des de l&#8217;inici d&#8217;aquesta comissi\u00f3 i tenim en proc\u00e9s el projecte que no nom\u00e9s <strong>millorar\u00e0 l&#8217;acc\u00e9s a l&#8217;escola sin\u00f3 tamb\u00e9 el barri de La Floresta.<\/strong><br><\/p>\n\n\n\n<figure class=\"wp-block-image size-large\"><img loading=\"lazy\" decoding=\"async\" width=\"724\" height=\"1024\" src=\"https:\/\/afafloresta.org\/wp-content\/uploads\/2021\/09\/mobilitat1-724x1024.jpeg\" alt=\"\" class=\"wp-image-1246\" srcset=\"https:\/\/afafloresta.org\/wp-content\/uploads\/2021\/09\/mobilitat1-724x1024.jpeg 724w, https:\/\/afafloresta.org\/wp-content\/uploads\/2021\/09\/mobilitat1-212x300.jpeg 212w, https:\/\/afafloresta.org\/wp-content\/uploads\/2021\/09\/mobilitat1-768x1086.jpeg 768w, https:\/\/afafloresta.org\/wp-content\/uploads\/2021\/09\/mobilitat1-1086x1536.jpeg 1086w, https:\/\/afafloresta.org\/wp-content\/uploads\/2021\/09\/mobilitat1.jpeg 1131w\" sizes=\"auto, (max-width: 724px) 100vw, 724px\" \/><\/figure>\n\n\n\n<figure class=\"wp-block-image size-large\"><img loading=\"lazy\" decoding=\"async\" width=\"473\" height=\"1024\" src=\"https:\/\/afafloresta.org\/wp-content\/uploads\/2021\/09\/mobilitat2-473x1024.jpg\" alt=\"\" class=\"wp-image-1247\" srcset=\"https:\/\/afafloresta.org\/wp-content\/uploads\/2021\/09\/mobilitat2-473x1024.jpg 473w, https:\/\/afafloresta.org\/wp-content\/uploads\/2021\/09\/mobilitat2-138x300.jpg 138w, https:\/\/afafloresta.org\/wp-content\/uploads\/2021\/09\/mobilitat2-768x1664.jpg 768w, https:\/\/afafloresta.org\/wp-content\/uploads\/2021\/09\/mobilitat2-709x1536.jpg 709w, https:\/\/afafloresta.org\/wp-content\/uploads\/2021\/09\/mobilitat2-945x2048.jpg 945w, https:\/\/afafloresta.org\/wp-content\/uploads\/2021\/09\/mobilitat2.jpg 1080w\" sizes=\"auto, (max-width: 473px) 100vw, 473px\" \/><\/figure>\n\n\n\n<p>Vine amb nosaltres, tenim idees amb patinets de sobra \ud83d\ude09<br><\/p>\n\n\n\n<p>Pots contactar amb nosaltres a:<\/p>\n\n\n\n<p>mobilitatsostenible@afafloresta.org<br><\/p>\n","protected":false},"excerpt":{"rendered":"<p>Des d&#8217;aquesta comissi\u00f3 volem un planeta sostenible per a totes i tots. Per aix\u00f2 ens dediquem a treballar perqu\u00e8 les fam\u00edlies coneguin la millor manera d&#8217;accedir a la seva escola de proximitat: amb vehicles no contaminants, amb transport p\u00fablic, corrent&#8230; [&hellip;]<\/p>\n","protected":false},"author":1,"featured_media":0,"parent":1084,"menu_order":0,"comment_status":"closed","ping_status":"closed","template":"","meta":{"footnotes":""},"class_list":["post-713","page","type-page","status-publish","hentry"],"_links":{"self":[{"href":"https:\/\/afafloresta.org\/index.php\/wp-json\/wp\/v2\/pages\/713","targetHints":{"allow":["GET"]}}],"collection":[{"href":"https:\/\/afafloresta.org\/index.php\/wp-json\/wp\/v2\/pages"}],"about":[{"href":"https:\/\/afafloresta.org\/index.php\/wp-json\/wp\/v2\/types\/page"}],"author":[{"embeddable":true,"href":"https:\/\/afafloresta.org\/index.php\/wp-json\/wp\/v2\/users\/1"}],"replies":[{"embeddable":true,"href":"https:\/\/afafloresta.org\/index.php\/wp-json\/wp\/v2\/comments?post=713"}],"version-history":[{"count":4,"href":"https:\/\/afafloresta.org\/index.php\/wp-json\/wp\/v2\/pages\/713\/revisions"}],"predecessor-version":[{"id":1272,"href":"https:\/\/afafloresta.org\/index.php\/wp-json\/wp\/v2\/pages\/713\/revisions\/1272"}],"up":[{"embeddable":true,"href":"https:\/\/afafloresta.org\/index.php\/wp-json\/wp\/v2\/pages\/1084"}],"wp:attachment":[{"href":"https:\/\/afafloresta.org\/index.php\/wp-json\/wp\/v2\/media?parent=713"}],"curies":[{"name":"wp","href":"https:\/\/api.w.org\/{rel}","templated":true}]}}