{"id":634,"date":"2019-03-25T16:04:10","date_gmt":"2019-03-25T16:04:10","guid":{"rendered":"http:\/\/afafloresta.org\/?page_id=634"},"modified":"2019-03-25T16:04:10","modified_gmt":"2019-03-25T16:04:10","slug":"families-de-6e","status":"publish","type":"page","link":"https:\/\/afafloresta.org\/index.php\/families-de-6e\/","title":{"rendered":"Fam\u00edlies de 6\u00e8"},"content":{"rendered":"<p>Aquesta comissi\u00f3 te a veure amb totes les coses que fan les fam\u00edlies de 6\u00e8<\/p>\n","protected":false},"excerpt":{"rendered":"<p>Aquesta comissi\u00f3 te a veure amb totes les coses que fan les fam\u00edlies de 6\u00e8<\/p>\n","protected":false},"author":1,"featured_media":0,"parent":0,"menu_order":0,"comment_status":"closed","ping_status":"closed","template":"","meta":{"footnotes":""},"class_list":["post-634","page","type-page","status-publish","hentry"],"_links":{"self":[{"href":"https:\/\/afafloresta.org\/index.php\/wp-json\/wp\/v2\/pages\/634","targetHints":{"allow":["GET"]}}],"collection":[{"href":"https:\/\/afafloresta.org\/index.php\/wp-json\/wp\/v2\/pages"}],"about":[{"href":"https:\/\/afafloresta.org\/index.php\/wp-json\/wp\/v2\/types\/page"}],"author":[{"embeddable":true,"href":"https:\/\/afafloresta.org\/index.php\/wp-json\/wp\/v2\/users\/1"}],"replies":[{"embeddable":true,"href":"https:\/\/afafloresta.org\/index.php\/wp-json\/wp\/v2\/comments?post=634"}],"version-history":[{"count":1,"href":"https:\/\/afafloresta.org\/index.php\/wp-json\/wp\/v2\/pages\/634\/revisions"}],"predecessor-version":[{"id":635,"href":"https:\/\/afafloresta.org\/index.php\/wp-json\/wp\/v2\/pages\/634\/revisions\/635"}],"wp:attachment":[{"href":"https:\/\/afafloresta.org\/index.php\/wp-json\/wp\/v2\/media?parent=634"}],"curies":[{"name":"wp","href":"https:\/\/api.w.org\/{rel}","templated":true}]}}