{"id":545,"date":"2019-03-24T21:46:39","date_gmt":"2019-03-24T21:46:39","guid":{"rendered":"http:\/\/afafloresta.org\/?page_id=545"},"modified":"2022-11-22T10:18:48","modified_gmt":"2022-11-22T10:18:48","slug":"festes","status":"publish","type":"page","link":"https:\/\/afafloresta.org\/index.php\/comissions-2\/festes\/","title":{"rendered":"FESTES"},"content":{"rendered":"\n<p><strong>Si tens creativitat, <strong>imaginaci\u00f3<\/strong>, <strong>t&#8217;agraden les manualitats i <strong>veus nous usos a vells materials<\/strong> ,<\/strong> o simplement ets un festaire i <strong>t&#8217;agrada organitzar xerinola,<\/strong> aquesta \u00e9s la teva comissi\u00f3! <\/strong><\/p>\n\n\n\n<figure class=\"wp-block-gallery aligncenter columns-2 is-cropped wp-block-gallery-1 is-layout-flex wp-block-gallery-is-layout-flex\"><ul class=\"blocks-gallery-grid\"><li class=\"blocks-gallery-item\"><figure><img loading=\"lazy\" decoding=\"async\" width=\"1024\" height=\"1024\" src=\"http:\/\/afafloresta.org\/wp-content\/uploads\/2021\/02\/IMG-20201029-WA0006-1024x1024.jpg\" alt=\"\" data-id=\"1152\" data-full-url=\"http:\/\/afafloresta.org\/wp-content\/uploads\/2021\/02\/IMG-20201029-WA0006.jpg\" data-link=\"http:\/\/afafloresta.org\/index.php\/comissions__trashed\/festes\/img-20201029-wa0006\/#main\" class=\"wp-image-1152\" srcset=\"https:\/\/afafloresta.org\/wp-content\/uploads\/2021\/02\/IMG-20201029-WA0006-1024x1024.jpg 1024w, https:\/\/afafloresta.org\/wp-content\/uploads\/2021\/02\/IMG-20201029-WA0006-300x300.jpg 300w, https:\/\/afafloresta.org\/wp-content\/uploads\/2021\/02\/IMG-20201029-WA0006-150x150.jpg 150w, https:\/\/afafloresta.org\/wp-content\/uploads\/2021\/02\/IMG-20201029-WA0006-768x768.jpg 768w, https:\/\/afafloresta.org\/wp-content\/uploads\/2021\/02\/IMG-20201029-WA0006-1536x1536.jpg 1536w, https:\/\/afafloresta.org\/wp-content\/uploads\/2021\/02\/IMG-20201029-WA0006.jpg 2048w\" sizes=\"auto, (max-width: 1024px) 100vw, 1024px\" \/><\/figure><\/li><li class=\"blocks-gallery-item\"><figure><img loading=\"lazy\" decoding=\"async\" width=\"800\" height=\"599\" src=\"http:\/\/afafloresta.org\/wp-content\/uploads\/2021\/02\/IMG_20190301_184949.jpg\" alt=\"\" data-id=\"1151\" data-full-url=\"http:\/\/afafloresta.org\/wp-content\/uploads\/2021\/02\/IMG_20190301_184949.jpg\" data-link=\"http:\/\/afafloresta.org\/index.php\/comissions__trashed\/festes\/img_20190301_184949\/#main\" class=\"wp-image-1151\" srcset=\"https:\/\/afafloresta.org\/wp-content\/uploads\/2021\/02\/IMG_20190301_184949.jpg 800w, https:\/\/afafloresta.org\/wp-content\/uploads\/2021\/02\/IMG_20190301_184949-300x225.jpg 300w, https:\/\/afafloresta.org\/wp-content\/uploads\/2021\/02\/IMG_20190301_184949-768x575.jpg 768w\" sizes=\"auto, (max-width: 800px) 100vw, 800px\" \/><\/figure><\/li><\/ul><\/figure>\n\n\n\n<h4 class=\"wp-block-heading\"><strong>Qu\u00e8 fa la Comissi\u00f3 de festes?<\/strong><\/h4>\n\n\n\n<p>Ens encarreguem d&#8217;organitzar les celebracions que es fan fora de l&#8217;horari lectiu. Tamb\u00e9 participem en la preparaci\u00f3 de dies especials dins de l&#8217;horari lectiu, i muntem tallers per Nadal o Carnestoltes.<\/p>\n\n\n\n<p>Treballem en paral\u00b7lel amb l&#8217;escola i el barri, i fomentem la cohesi\u00f3 i la relaci\u00f3 entre fam\u00edlies, en un ambient relaxat i festiu.<\/p>\n\n\n\n<h4 class=\"wp-block-heading\"><strong>Objectius:<\/strong><\/h4>\n\n\n\n<p><strong>PARTICIPACI\u00d3<\/strong>: Promovem la participaci\u00f3 i col\u00b7laboraci\u00f3 de les fam\u00edlies volunt\u00e0ries, mestres i alumnes. Treballem conjuntament amb les altres Comissions de l&#8217;escola  per crear activitats especials com SANT JORDI, DIA DE BRICOLATGE, HORT, COMISSI\u00d3 DE 6\u00e8&#8230;<\/p>\n\n\n\n<p><strong>FER BARRI:<\/strong> Col\u00b7laborem i convidem a les celebracions a les diferents entitats del barri, com el Centre Obert, l&#8217;Espai Jove, el Senglar Cultural i el CAU de La Floresta entre d&#8217;altres, creant una connexi\u00f3 entre l&#8217;escola, el barri i les fam\u00edlies.<\/p>\n\n\n\n<p><strong>RECICLATGE: <\/strong>Fem un \u00fas responsable dels materials dels tallers i les decoracions, fomentant el reciclatge. Tamb\u00e9 fem \u00fas de gots reciclats per a les festes, i la neteja posterior de totes les deixalles que es puguin generar es su a terme de manera sostenible, fent separaci\u00f3 de residus, etc.<\/p>\n\n\n\n<p><\/p>\n\n\n\n<h4 class=\"wp-block-heading\"><strong>Proposta de Calendari de festes:<\/strong><\/h4>\n\n\n\n<p><strong>Nadal:<\/strong> Servei de Bar al concert de Nadal, Paneres de Nadal , rifa i tallers infantils. (Hores lectives)<\/p>\n\n\n\n<p>Participaci\u00f3 a la Cavalcada dels Reis i tallers<\/p>\n\n\n\n<p>Festa de Carnestoltes<\/p>\n\n\n\n<p>Festa Intercultural<\/p>\n\n\n\n<p>Festa de Fi de curs<\/p>\n\n\n\n<p>Acampada<\/p>\n\n\n\n<p>Orxatada<\/p>\n\n\n\n<p><strong>A m\u00e9s de confeccionar preparatius i decoracions per les festes, compartim moments i passem una bona estona.<\/strong><\/p>\n\n\n\n<p><strong>Si vols m\u00e9s informaci\u00f3 o vols formar-ne part, escriu-nos:<\/strong><\/p>\n\n\n\n<p class=\"has-text-color has-vivid-cyan-blue-color\">festes@afafloresta.org<\/p>\n\n\n\n<p><strong>O uneix-te al grup de whatsapp de la comissi\u00f3:<\/strong><\/p>\n\n\n\n<p><a href=\"https:\/\/chat.whatsapp.com\/2FPwEtwXCVBH6x00KlYQue\">https:\/\/chat.whatsapp.com\/2FPwEtwXCVBH6x00KlYQue<\/a><\/p>\n","protected":false},"excerpt":{"rendered":"<p>Si tens creativitat, imaginaci\u00f3, t&#8217;agraden les manualitats i veus nous usos a vells materials , o simplement ets un festaire i t&#8217;agrada organitzar xerinola, aquesta \u00e9s la teva comissi\u00f3! Qu\u00e8 fa la Comissi\u00f3 de festes? Ens encarreguem d&#8217;organitzar les celebracions [&hellip;]<\/p>\n","protected":false},"author":1,"featured_media":0,"parent":1084,"menu_order":0,"comment_status":"closed","ping_status":"closed","template":"","meta":{"footnotes":""},"class_list":["post-545","page","type-page","status-publish","hentry"],"_links":{"self":[{"href":"https:\/\/afafloresta.org\/index.php\/wp-json\/wp\/v2\/pages\/545","targetHints":{"allow":["GET"]}}],"collection":[{"href":"https:\/\/afafloresta.org\/index.php\/wp-json\/wp\/v2\/pages"}],"about":[{"href":"https:\/\/afafloresta.org\/index.php\/wp-json\/wp\/v2\/types\/page"}],"author":[{"embeddable":true,"href":"https:\/\/afafloresta.org\/index.php\/wp-json\/wp\/v2\/users\/1"}],"replies":[{"embeddable":true,"href":"https:\/\/afafloresta.org\/index.php\/wp-json\/wp\/v2\/comments?post=545"}],"version-history":[{"count":9,"href":"https:\/\/afafloresta.org\/index.php\/wp-json\/wp\/v2\/pages\/545\/revisions"}],"predecessor-version":[{"id":1310,"href":"https:\/\/afafloresta.org\/index.php\/wp-json\/wp\/v2\/pages\/545\/revisions\/1310"}],"up":[{"embeddable":true,"href":"https:\/\/afafloresta.org\/index.php\/wp-json\/wp\/v2\/pages\/1084"}],"wp:attachment":[{"href":"https:\/\/afafloresta.org\/index.php\/wp-json\/wp\/v2\/media?parent=545"}],"curies":[{"name":"wp","href":"https:\/\/api.w.org\/{rel}","templated":true}]}}