{"id":53,"date":"2017-09-09T20:58:36","date_gmt":"2017-09-09T20:58:36","guid":{"rendered":"http:\/\/afafloresta.org\/?page_id=53"},"modified":"2018-07-05T09:47:00","modified_gmt":"2018-07-05T09:47:00","slug":"memories-espai-migdia","status":"publish","type":"page","link":"https:\/\/afafloresta.org\/index.php\/memories-espai-migdia\/","title":{"rendered":"MEM\u00d2RIES ESPAI MIGDIA"},"content":{"rendered":"<div dir=\"ltr\">\n<div><b>Mem\u00f2ries Menjador:<\/b><\/div>\n<ul>\n<li>Mem\u00f2ries Espai Migdia curs 2017-2018 <a href=\"http:\/\/afafloresta.org\/wp-content\/uploads\/2018\/07\/Mem\u00f2ria-17-18.pdf\">[+]<\/a><\/li>\n<\/ul>\n<div>\n<ul>\n<li>Mem\u00f2ries Espai Migdia curs 2016-2017 <a href=\"https:\/\/docs.google.com\/a\/ampafloresta.org\/viewer?a=v&amp;pid=sites&amp;srcid=YW1wYWZsb3Jlc3RhLm9yZ3xpbmRleHxneDoxOGI2YzM3NDY2NjhiM2M5\" target=\"_blank\" rel=\"noopener\">[+]<\/a><\/li>\n<\/ul>\n<ul>\n<li>Mem\u00f2ria Espai Migdia Curs 2015-2016<\/li>\n<\/ul>\n<ul>\n<li style=\"list-style-type: none;\">\n<ul>\n<li>1r trimestre <a href=\"https:\/\/docs.google.com\/a\/ampafloresta.org\/viewer?a=v&amp;pid=sites&amp;srcid=YW1wYWZsb3Jlc3RhLm9yZ3xpbmRleHxneDoxODM4MGQ4MTI0MTQ5OTZh\">[+]<\/a><\/li>\n<li>2n trimestre <a href=\"https:\/\/docs.google.com\/a\/ampafloresta.org\/viewer?a=v&amp;pid=sites&amp;srcid=YW1wYWZsb3Jlc3RhLm9yZ3xpbmRleHxneDo1NzA1OTVmYWQ0NDE5ZjA1\">[+]<\/a><\/li>\n<li>3r trimestre <a href=\"https:\/\/docs.google.com\/a\/ampafloresta.org\/viewer?a=v&amp;pid=sites&amp;srcid=YW1wYWZsb3Jlc3RhLm9yZ3xpbmRleHxneDoxOWFhMTgyMTBlNzczZTI3\">[+]<\/a><\/li>\n<\/ul>\n<\/li>\n<\/ul>\n<ul>\n<li>Mem\u00f2ria Espai Migdia curs 2014-2015\n<ul>\n<li>1r trimestre[<a href=\"https:\/\/docs.google.com\/a\/ampafloresta.org\/viewer?a=v&amp;pid=sites&amp;srcid=YW1wYWZsb3Jlc3RhLm9yZ3xpbmRleHxneDo3ZDg3Yjk2NTUxZTQ0MTZm\">+]<\/a><\/li>\n<li>2n trimestre [<a href=\"https:\/\/docs.google.com\/a\/ampafloresta.org\/viewer?a=v&amp;pid=sites&amp;srcid=YW1wYWZsb3Jlc3RhLm9yZ3xpbmRleHxneDo0YWU2ODFmNjhjNTJkMWFk\">+]<\/a><\/li>\n<li>3r trimestre\u00a0<a href=\"https:\/\/docs.google.com\/a\/ampafloresta.org\/viewer?a=v&amp;pid=sites&amp;srcid=YW1wYWZsb3Jlc3RhLm9yZ3xpbmRleHxneDoyNGVmMzE1ZWJiOGMxMmM5\">[+]<\/a><\/li>\n<\/ul>\n<\/li>\n<\/ul>\n<\/div>\n<\/div>\n","protected":false},"excerpt":{"rendered":"<p>Mem\u00f2ries Menjador: Mem\u00f2ries Espai Migdia curs 2017-2018 [+] Mem\u00f2ries Espai Migdia curs 2016-2017 [+] Mem\u00f2ria Espai Migdia Curs 2015-2016 1r trimestre [+] 2n trimestre [+] 3r trimestre [+] Mem\u00f2ria Espai Migdia curs 2014-2015 1r trimestre[+] 2n trimestre [+] 3r trimestre\u00a0[+]<\/p>\n","protected":false},"author":1,"featured_media":0,"parent":0,"menu_order":0,"comment_status":"closed","ping_status":"closed","template":"","meta":{"footnotes":""},"class_list":["post-53","page","type-page","status-publish","hentry"],"_links":{"self":[{"href":"https:\/\/afafloresta.org\/index.php\/wp-json\/wp\/v2\/pages\/53","targetHints":{"allow":["GET"]}}],"collection":[{"href":"https:\/\/afafloresta.org\/index.php\/wp-json\/wp\/v2\/pages"}],"about":[{"href":"https:\/\/afafloresta.org\/index.php\/wp-json\/wp\/v2\/types\/page"}],"author":[{"embeddable":true,"href":"https:\/\/afafloresta.org\/index.php\/wp-json\/wp\/v2\/users\/1"}],"replies":[{"embeddable":true,"href":"https:\/\/afafloresta.org\/index.php\/wp-json\/wp\/v2\/comments?post=53"}],"version-history":[{"count":4,"href":"https:\/\/afafloresta.org\/index.php\/wp-json\/wp\/v2\/pages\/53\/revisions"}],"predecessor-version":[{"id":396,"href":"https:\/\/afafloresta.org\/index.php\/wp-json\/wp\/v2\/pages\/53\/revisions\/396"}],"wp:attachment":[{"href":"https:\/\/afafloresta.org\/index.php\/wp-json\/wp\/v2\/media?parent=53"}],"curies":[{"name":"wp","href":"https:\/\/api.w.org\/{rel}","templated":true}]}}