{"id":2,"date":"2017-09-09T17:39:00","date_gmt":"2017-09-09T17:39:00","guid":{"rendered":"http:\/\/afafloresta.org\/?page_id=2"},"modified":"2023-02-27T09:32:52","modified_gmt":"2023-02-27T09:32:52","slug":"qui_som","status":"publish","type":"page","link":"https:\/\/afafloresta.org\/index.php\/qui_som\/","title":{"rendered":"QUI SOM"},"content":{"rendered":"\n<p>L&#8217;organigrama de l&#8217;AFA de la Floresta est\u00e0 format per junta, comissions i estructures de suport.<\/p>\n\n\n\n<div class=\"wp-block-media-text alignwide\" style=\"grid-template-columns:37% auto\"><figure class=\"wp-block-media-text__media\"><img loading=\"lazy\" decoding=\"async\" width=\"519\" height=\"1024\" src=\"http:\/\/afafloresta.org\/wp-content\/uploads\/2020\/10\/abre-afa-519x1024.jpg\" alt=\"\" class=\"wp-image-846\" srcset=\"https:\/\/afafloresta.org\/wp-content\/uploads\/2020\/10\/abre-afa-519x1024.jpg 519w, https:\/\/afafloresta.org\/wp-content\/uploads\/2020\/10\/abre-afa-152x300.jpg 152w, https:\/\/afafloresta.org\/wp-content\/uploads\/2020\/10\/abre-afa-768x1517.jpg 768w, https:\/\/afafloresta.org\/wp-content\/uploads\/2020\/10\/abre-afa-778x1536.jpg 778w, https:\/\/afafloresta.org\/wp-content\/uploads\/2020\/10\/abre-afa.jpg 1037w\" sizes=\"auto, (max-width: 519px) 100vw, 519px\" \/><\/figure><div class=\"wp-block-media-text__content\">\n<p class=\"has-normal-font-size\"> \u00ab<em>Tots som importants, i ens necessitem per cr\u00e9ixer. Tant si vols ser arrel o tronc com branca o fulles, et convidem a fer que aquest moment escolar sigui el m\u00e9s especial i bonic per a les nostres filles i fills\u00bb.<\/em> <\/p>\n\n\n\n<p class=\"has-text-align-right\"><em>AFA La Floresta<\/em><\/p>\n<\/div><\/div>\n\n\n\n<p><\/p>\n\n\n\n<h3 class=\"wp-block-heading\">JUNTA GESTORA\/DIRECTIVA:<\/h3>\n\n\n\n<p>La junta de l&#8217;Afa es renova cada any i s&#8217;aprova segons votaci\u00f3 de l&#8217;Assemblea Anual Ordin\u00e0ria. La junta sempre est\u00e0 constitu\u00efda per:<\/p>\n\n\n\n<ul class=\"wp-block-list\"><li><strong>Un\/a<\/strong> <strong>President\/a<\/strong><\/li><li><strong>Un\/a<\/strong> <strong>Secret\u00e0ri\/a<\/strong><\/li><li><strong>Un\/a<\/strong> <strong>Tresorer\/a<\/strong><\/li><li><strong>Vocal 1<\/strong><\/li><li><strong>Vocal 2<\/strong><\/li><li><strong>Vocal 3<\/strong><\/li><li><strong>Vocal 4<\/strong><\/li><\/ul>\n\n\n\n<p>Per contactar amb la Junta:&nbsp;[<a href=\"mailto:junta@ampafloresta.org\">junta@afafloresta.org<\/a>]<\/p>\n\n\n\n<p><strong>Aqu\u00ed pots consultar els nostres Estatuts: <a rel=\"noreferrer noopener\" aria-label=\"ESTATUTS AFA LA FLORESATA (se abre en una nueva pesta\u00f1a)\" href=\"http:\/\/afafloresta.org\/wp-content\/uploads\/2023\/02\/ESTATUTS-ANY-2016.pdf\" target=\"_blank\">ESTATUTS AFA LA FLORESATA<\/a><\/strong><\/p>\n\n\n\n<h3 class=\"wp-block-heading\">COMISSIONS:<\/h3>\n\n\n\n<h4 class=\"wp-block-heading\"><strong>B\u00e0siques:<\/strong>&nbsp;<\/h4>\n\n\n\n<p>S\u2019ha de garantir que sempre estiguin presents. Es centren en els objectius principals de l\u2019AFA, formant el tronc central que suporta l\u2019associaci\u00f3.<\/p>\n\n\n\n<p>Son:<\/p>\n\n\n\n<ul class=\"wp-block-list\"><li>Comunicaci\u00f3<\/li><li>Espai Migdia<\/li><li>Extraescolars\/Acollida<\/li><li>Economia\/ Tresoreria<\/li><li>Festes\/Esdeveniments<\/li><\/ul>\n\n\n\n<h4 class=\"wp-block-heading\"><strong>Altres comissions:<\/strong>&nbsp;<\/h4>\n\n\n\n<p>Es gestionen un cop s\u2019han acordat els objectius espec\u00edfics de l\u2019any durant les assemblees o juntes obertes.<\/p>\n\n\n\n<p>Depenen de la participaci\u00f3 activa de les fam\u00edlies volunt\u00e0ries.  Per aquest motiu, a vegades hi ha projectes als quals no es pot donar sortida per falta de mans. <\/p>\n\n\n\n<p>Per aix\u00f2 \u00e9s molt important que les fam\u00edlies ens adherim a participar activament a l\u2019AFA.<\/p>\n\n\n\n<p>Actualment tenim en marxa diferents projectes, molts dels quals treballen per a una millor qualitat en el dia a dia, tant de l&#8217;escola com de la comunitat.<\/p>\n\n\n\n<p class=\"has-text-color has-text-align-center has-medium-font-size has-vivid-cyan-blue-color\"><strong><a href=\"https:\/\/afafloresta.org\/index.php\/comissions-2\/\">Si vols saber m\u00e9s clica aqu\u00ed<\/a><\/strong><\/p>\n\n\n\n<h3 class=\"wp-block-heading\">ESTRUCTURES DE SUPORT I ALTRES PUNTS IMPORTANTS:<\/h3>\n\n\n\n<p>A part de la feina directa que es fa des de les comissions i junta, hi ha altres estructures de les que rebem  un suport important, tant a nivell intern en el funcionament escolar, com externament.<\/p>\n\n\n\n<ul class=\"wp-block-list\"><li>Secretaria de l&#8217;AFA La Floresta<\/li><li>Equip \u00abComunicaci\u00f3 amb Equip Directiu\u00bb<\/li><li>Representaci\u00f3 de l&#8217;AFA al Consell Escolar<\/li><li>Representaci\u00f3 de l&#8217;AFA als Consells de Barri (La Floresta i Les Planes)<\/li><li>AFFAC<\/li><li>Afes en Xarxa<\/li><li>Coordinadora d&#8217;Afes de Sant Cugat<\/li><\/ul>\n\n\n\n<p><\/p>\n","protected":false},"excerpt":{"rendered":"<p>L&#8217;organigrama de l&#8217;AFA de la Floresta est\u00e0 format per junta, comissions i estructures de suport. \u00abTots som importants, i ens necessitem per cr\u00e9ixer. Tant si vols ser arrel o tronc com branca o fulles, et convidem a fer que aquest [&hellip;]<\/p>\n","protected":false},"author":1,"featured_media":0,"parent":0,"menu_order":0,"comment_status":"closed","ping_status":"closed","template":"","meta":{"footnotes":""},"class_list":["post-2","page","type-page","status-publish","hentry"],"_links":{"self":[{"href":"https:\/\/afafloresta.org\/index.php\/wp-json\/wp\/v2\/pages\/2","targetHints":{"allow":["GET"]}}],"collection":[{"href":"https:\/\/afafloresta.org\/index.php\/wp-json\/wp\/v2\/pages"}],"about":[{"href":"https:\/\/afafloresta.org\/index.php\/wp-json\/wp\/v2\/types\/page"}],"author":[{"embeddable":true,"href":"https:\/\/afafloresta.org\/index.php\/wp-json\/wp\/v2\/users\/1"}],"replies":[{"embeddable":true,"href":"https:\/\/afafloresta.org\/index.php\/wp-json\/wp\/v2\/comments?post=2"}],"version-history":[{"count":21,"href":"https:\/\/afafloresta.org\/index.php\/wp-json\/wp\/v2\/pages\/2\/revisions"}],"predecessor-version":[{"id":1315,"href":"https:\/\/afafloresta.org\/index.php\/wp-json\/wp\/v2\/pages\/2\/revisions\/1315"}],"wp:attachment":[{"href":"https:\/\/afafloresta.org\/index.php\/wp-json\/wp\/v2\/media?parent=2"}],"curies":[{"name":"wp","href":"https:\/\/api.w.org\/{rel}","templated":true}]}}