{"id":1265,"date":"2021-09-15T12:07:51","date_gmt":"2021-09-15T12:07:51","guid":{"rendered":"http:\/\/afafloresta.org\/?page_id=1265"},"modified":"2021-09-25T11:57:49","modified_gmt":"2021-09-25T11:57:49","slug":"altres","status":"publish","type":"page","link":"https:\/\/afafloresta.org\/index.php\/altres\/","title":{"rendered":"ALTRES"},"content":{"rendered":"\n<p>L&#8217;AFA t\u00e9 representaci\u00f3 en els <strong>consells de barri de La Floresta i Les Planes<\/strong>. D&#8217;aquesta manera formem part activa de la participaci\u00f3 en el nostre entorn m\u00e9s pr\u00f2xim creant comunitat educativa <strong>m\u00e9s enll\u00e0 de les portes de l&#8217;escola<\/strong>.<br><\/p>\n\n\n\n<p>Dins del CB de La Floresta participem en la <strong>comissi\u00f3 educativa <\/strong>al costat d&#8217;una representant de l&#8217;ED (Equip Directiu).<br><\/p>\n\n\n\n<p>Tamb\u00e9 hem gestionat durant anys la<strong> l\u00ednia especial de bus de les planes<\/strong> a l&#8217;Escola.<\/p>\n\n\n\n<p><\/p>\n\n\n\n<p>Sempre necessitem gent nova per a seguir amb la feina que fem; t&#8217;animes a ser tu?<br><\/p>\n\n\n\n<p>Pots contactar amb nosaltres a:<\/p>\n\n\n\n<p>junta<a href=\"mailto:espaimigdia@afafloresta.org\">@afafloresta.org<\/a><br><\/p>\n","protected":false},"excerpt":{"rendered":"<p>L&#8217;AFA t\u00e9 representaci\u00f3 en els consells de barri de La Floresta i Les Planes. D&#8217;aquesta manera formem part activa de la participaci\u00f3 en el nostre entorn m\u00e9s pr\u00f2xim creant comunitat educativa m\u00e9s enll\u00e0 de les portes de l&#8217;escola. Dins del [&hellip;]<\/p>\n","protected":false},"author":1,"featured_media":0,"parent":0,"menu_order":0,"comment_status":"closed","ping_status":"closed","template":"","meta":{"footnotes":""},"class_list":["post-1265","page","type-page","status-publish","hentry"],"_links":{"self":[{"href":"https:\/\/afafloresta.org\/index.php\/wp-json\/wp\/v2\/pages\/1265","targetHints":{"allow":["GET"]}}],"collection":[{"href":"https:\/\/afafloresta.org\/index.php\/wp-json\/wp\/v2\/pages"}],"about":[{"href":"https:\/\/afafloresta.org\/index.php\/wp-json\/wp\/v2\/types\/page"}],"author":[{"embeddable":true,"href":"https:\/\/afafloresta.org\/index.php\/wp-json\/wp\/v2\/users\/1"}],"replies":[{"embeddable":true,"href":"https:\/\/afafloresta.org\/index.php\/wp-json\/wp\/v2\/comments?post=1265"}],"version-history":[{"count":2,"href":"https:\/\/afafloresta.org\/index.php\/wp-json\/wp\/v2\/pages\/1265\/revisions"}],"predecessor-version":[{"id":1283,"href":"https:\/\/afafloresta.org\/index.php\/wp-json\/wp\/v2\/pages\/1265\/revisions\/1283"}],"wp:attachment":[{"href":"https:\/\/afafloresta.org\/index.php\/wp-json\/wp\/v2\/media?parent=1265"}],"curies":[{"name":"wp","href":"https:\/\/api.w.org\/{rel}","templated":true}]}}