{"id":1237,"date":"2021-09-15T11:32:56","date_gmt":"2021-09-15T11:32:56","guid":{"rendered":"http:\/\/afafloresta.org\/?page_id=1237"},"modified":"2021-09-25T11:07:07","modified_gmt":"2021-09-25T11:07:07","slug":"feminista-2","status":"publish","type":"page","link":"https:\/\/afafloresta.org\/index.php\/comissions-2\/feminista-2\/","title":{"rendered":"FEMINISTA"},"content":{"rendered":"\n<p>Aquesta comissi\u00f3 \u00e9s el <strong>reflex del canvi necessari <\/strong>que necessita la nostra societat actual per a millorar la vida de totes i tots.<br><\/p>\n\n\n\n<p>Des de la comissi\u00f3 fem<strong> propostes que engresquin tant a la canalla com a les fam\u00edlies<\/strong>, ja que entenem que la mirada de g\u00e8nere ha de n\u00e9ixer a les arrels m\u00e9s b\u00e0siques del conjunt social.<br><\/p>\n\n\n\n<p>Creiem en la <strong>coeducaci\u00f3<\/strong>, creiem en la <strong>corresponsabilitat<\/strong>, creiem en un futur on \u00ables coses de nenes\u00bb i \u00ables coses de nens\u00bb desapareguin. Volem maximitzar el potencial dels nostres fills i filles <strong>sense estereotips, sense limitacions<\/strong>, volem que estimin com vulguin i com m\u00e9s, millor.<br><\/p>\n\n\n\n<p>Afegeix-te i <strong>contribueix a aquest futur<\/strong> tan esperan\u00e7ador!<br><\/p>\n\n\n\n<figure class=\"wp-block-image size-large\"><img loading=\"lazy\" decoding=\"async\" width=\"1024\" height=\"717\" src=\"https:\/\/afafloresta.org\/wp-content\/uploads\/2021\/09\/feminista1.jpg\" alt=\"\" class=\"wp-image-1243\" srcset=\"https:\/\/afafloresta.org\/wp-content\/uploads\/2021\/09\/feminista1.jpg 1024w, https:\/\/afafloresta.org\/wp-content\/uploads\/2021\/09\/feminista1-300x210.jpg 300w, https:\/\/afafloresta.org\/wp-content\/uploads\/2021\/09\/feminista1-768x538.jpg 768w\" sizes=\"auto, (max-width: 1024px) 100vw, 1024px\" \/><\/figure>\n\n\n\n<figure class=\"wp-block-image size-large\"><img loading=\"lazy\" decoding=\"async\" width=\"768\" height=\"1024\" src=\"https:\/\/afafloresta.org\/wp-content\/uploads\/2021\/09\/feminista2.jpeg\" alt=\"\" class=\"wp-image-1244\" srcset=\"https:\/\/afafloresta.org\/wp-content\/uploads\/2021\/09\/feminista2.jpeg 768w, https:\/\/afafloresta.org\/wp-content\/uploads\/2021\/09\/feminista2-225x300.jpeg 225w\" sizes=\"auto, (max-width: 768px) 100vw, 768px\" \/><\/figure>\n\n\n\n<p>Pots contactar amb nosaltres a:<\/p>\n\n\n\n<p>feminista@afafloresta.org<br><\/p>\n","protected":false},"excerpt":{"rendered":"<p>Aquesta comissi\u00f3 \u00e9s el reflex del canvi necessari que necessita la nostra societat actual per a millorar la vida de totes i tots. Des de la comissi\u00f3 fem propostes que engresquin tant a la canalla com a les fam\u00edlies, ja [&hellip;]<\/p>\n","protected":false},"author":1,"featured_media":0,"parent":1084,"menu_order":0,"comment_status":"closed","ping_status":"closed","template":"","meta":{"footnotes":""},"class_list":["post-1237","page","type-page","status-publish","hentry"],"_links":{"self":[{"href":"https:\/\/afafloresta.org\/index.php\/wp-json\/wp\/v2\/pages\/1237","targetHints":{"allow":["GET"]}}],"collection":[{"href":"https:\/\/afafloresta.org\/index.php\/wp-json\/wp\/v2\/pages"}],"about":[{"href":"https:\/\/afafloresta.org\/index.php\/wp-json\/wp\/v2\/types\/page"}],"author":[{"embeddable":true,"href":"https:\/\/afafloresta.org\/index.php\/wp-json\/wp\/v2\/users\/1"}],"replies":[{"embeddable":true,"href":"https:\/\/afafloresta.org\/index.php\/wp-json\/wp\/v2\/comments?post=1237"}],"version-history":[{"count":3,"href":"https:\/\/afafloresta.org\/index.php\/wp-json\/wp\/v2\/pages\/1237\/revisions"}],"predecessor-version":[{"id":1270,"href":"https:\/\/afafloresta.org\/index.php\/wp-json\/wp\/v2\/pages\/1237\/revisions\/1270"}],"up":[{"embeddable":true,"href":"https:\/\/afafloresta.org\/index.php\/wp-json\/wp\/v2\/pages\/1084"}],"wp:attachment":[{"href":"https:\/\/afafloresta.org\/index.php\/wp-json\/wp\/v2\/media?parent=1237"}],"curies":[{"name":"wp","href":"https:\/\/api.w.org\/{rel}","templated":true}]}}