{"id":985,"date":"2020-10-18T08:39:08","date_gmt":"2020-10-18T08:39:08","guid":{"rendered":"http:\/\/afafloresta.org\/?page_id=985"},"modified":"2021-02-26T13:06:52","modified_gmt":"2021-02-26T13:06:52","slug":"noticies","status":"publish","type":"page","link":"http:\/\/afafloresta.org\/index.php\/noticies\/","title":{"rendered":"NOTICIES!!!"},"content":{"rendered":"<ul class=\"wp-block-latest-posts__list is-grid columns-3 wp-block-latest-posts\"><li><a class=\"wp-block-latest-posts__post-title\" href=\"http:\/\/afafloresta.org\/index.php\/2021\/12\/22\/coeducacio\/\">Coeducacio<\/a><div class=\"wp-block-latest-posts__post-excerpt\">La comissi\u00f3 feminista ha penjat unes infografies a la porta de l&#8217;escola. Mireu-les!<\/div><\/li>\n<li><a class=\"wp-block-latest-posts__post-title\" href=\"http:\/\/afafloresta.org\/index.php\/2021\/09\/15\/inici-curs-2021-22\/\">Inici Curs 2021-22<\/a><div class=\"wp-block-latest-posts__post-excerpt\">Fam\u00edlies! Comen\u00e7a el curs 21-22 amb novetats en les restriccions i plans d\u2019obertura en situaci\u00f3 COVID19. L\u2019AffaC es va reunir amb el Conseller d\u2019Educaci\u00f3, Josep G. Cambray per parlar d\u2019aquest nou curs, mesures COVID19, tornada a la presencialitat de les [&hellip;]<\/div><\/li>\n<li><a class=\"wp-block-latest-posts__post-title\" href=\"http:\/\/afafloresta.org\/index.php\/2021\/03\/08\/la-musica-de-les-dones-iv\/\">LA M\u00daSICA DE LES DONES IV<\/a><div class=\"wp-block-latest-posts__post-excerpt\">AZAM ALI [CLICA L\u2019ENLLA\u00c7 I GAUDEIX MENTRE LLEGEIXES] Can\u00e7\u00f3 recomanada: https:\/\/open.spotify.com\/album\/7sRhjAs5tKqskGlK5jZsi7 Compositora i cantant persa, resident als EE.UU. Nascuda el 1970 a l&#8217;Iran.\u00a0 Des de ben jove va mostrar inter\u00e8s per aprendre a tocar diversos instruments, fins que amb una [&hellip;]<\/div><\/li>\n<li><a class=\"wp-block-latest-posts__post-title\" href=\"http:\/\/afafloresta.org\/index.php\/2021\/03\/08\/la-musica-de-les-dones-iii\/\">LA M\u00daSICA DE LES DONES III<\/a><div class=\"wp-block-latest-posts__post-excerpt\">[CLICA L&#8217;ENLLA\u00c7 I GAUDEIX MENTRE LLEGEIXES] FATOUMA DIAWARA Can\u00e7\u00f3 recomanada: Actriu, cantant i compositora, nascuda el 1982 a Mal\u00ed.&nbsp; Carregada de valentia, de ben jove, va esdevenir una estrella del cinema a Mali, per\u00f2 la seva fam\u00edlia volia que es [&hellip;]<\/div><\/li>\n<li><a class=\"wp-block-latest-posts__post-title\" href=\"http:\/\/afafloresta.org\/index.php\/2021\/02\/26\/la-musica-de-les-dones-ii\/\">LA M\u00daSICA DE LES DONES II<\/a><div class=\"wp-block-latest-posts__post-excerpt\">KRUDAS CUBENSI [CLICA L&#8217;ENLLA\u00c7 I GAUDEIX MENTRE LLEGEIXES] Can\u00e7\u00f3 recomanada: \u00abVamos juntas\u00bb: Puro chiste (Poderosxs, 2014) Krudas Cubensi, tamb\u00e9 conegudes com \u201cLas Krudas\u201d, \u00e9s una banda cubana de hip-hop, activista del feminisme negre, queer i les pol\u00edtiques veganes. Aquestes poetes [&hellip;]<\/div><\/li>\n<\/ul>","protected":false},"excerpt":{"rendered":"","protected":false},"author":1,"featured_media":1103,"parent":0,"menu_order":0,"comment_status":"closed","ping_status":"closed","template":"","meta":{"footnotes":""},"class_list":["post-985","page","type-page","status-publish","has-post-thumbnail","hentry"],"_links":{"self":[{"href":"http:\/\/afafloresta.org\/index.php\/wp-json\/wp\/v2\/pages\/985","targetHints":{"allow":["GET"]}}],"collection":[{"href":"http:\/\/afafloresta.org\/index.php\/wp-json\/wp\/v2\/pages"}],"about":[{"href":"http:\/\/afafloresta.org\/index.php\/wp-json\/wp\/v2\/types\/page"}],"author":[{"embeddable":true,"href":"http:\/\/afafloresta.org\/index.php\/wp-json\/wp\/v2\/users\/1"}],"replies":[{"embeddable":true,"href":"http:\/\/afafloresta.org\/index.php\/wp-json\/wp\/v2\/comments?post=985"}],"version-history":[{"count":5,"href":"http:\/\/afafloresta.org\/index.php\/wp-json\/wp\/v2\/pages\/985\/revisions"}],"predecessor-version":[{"id":1205,"href":"http:\/\/afafloresta.org\/index.php\/wp-json\/wp\/v2\/pages\/985\/revisions\/1205"}],"wp:featuredmedia":[{"embeddable":true,"href":"http:\/\/afafloresta.org\/index.php\/wp-json\/wp\/v2\/media\/1103"}],"wp:attachment":[{"href":"http:\/\/afafloresta.org\/index.php\/wp-json\/wp\/v2\/media?parent=985"}],"curies":[{"name":"wp","href":"https:\/\/api.w.org\/{rel}","templated":true}]}}