{"id":543,"date":"2019-03-24T21:46:22","date_gmt":"2019-03-24T21:46:22","guid":{"rendered":"http:\/\/afafloresta.org\/?page_id=543"},"modified":"2022-11-22T10:13:42","modified_gmt":"2022-11-22T10:13:42","slug":"comunicacio","status":"publish","type":"page","link":"http:\/\/afafloresta.org\/index.php\/comissions-2\/comunicacio\/","title":{"rendered":"COMUNICACI\u00d3"},"content":{"rendered":"\n<p><strong>Qui som? <\/strong><\/p>\n\n\n\n<p>Actualment aquesta comissi\u00f3 est\u00e0 formada per diverses fam\u00edlies. Creiem en una bona comunicaci\u00f3 transparent, accesible i assertiva. <\/p>\n\n\n\n<p><strong>Si en vols formar part, escriu-nos per email:<\/strong> <a href=\"mailto:comunicacio@afafloresta.org\">comunicacio@afafloresta.org<\/a><\/p>\n\n\n\n<p><\/p>\n\n\n\n<p><strong>O uneix-te al grup de whatsapp<\/strong>: <\/p>\n\n\n\n<p><a href=\"https:\/\/chat.whatsapp.com\/ElTtoLOTdpm8AocOrK2O7m\">https:\/\/chat.whatsapp.com\/ElTtoLOTdpm8AocOrK2O7m<\/a><\/p>\n\n\n\n<p><\/p>\n\n\n\n<p><strong>Qu\u00e8 fem?<\/strong><\/p>\n\n\n\n<p>La comissi\u00f3 de comunicaci\u00f3 te l&#8217;objectiu general de fomentar la conviv\u00e8ncia de tota la comunitat educativa i la seva funci\u00f3 es la d&#8217;<span class=\"has-inline-color has-vivid-green-cyan-color\">habilitar els canals de comunicaci\u00f3<\/span> entre fam\u00edlia, escola i AFA. <\/p>\n\n\n\n<figure class=\"wp-block-image size-large is-resized\"><img loading=\"lazy\" decoding=\"async\" src=\"https:\/\/afafloresta.org\/wp-content\/uploads\/2020\/11\/image.png\" alt=\"\" class=\"wp-image-1019\" width=\"162\" height=\"406\" srcset=\"http:\/\/afafloresta.org\/wp-content\/uploads\/2020\/11\/image.png 148w, http:\/\/afafloresta.org\/wp-content\/uploads\/2020\/11\/image-120x300.png 120w\" sizes=\"auto, (max-width: 162px) 100vw, 162px\" \/><\/figure>\n\n\n\n<p>Una altra tasca important \u00e9s la de <span class=\"has-inline-color has-vivid-green-cyan-color\">donar suport a la resta de comissions<\/span> fent difusi\u00f3 dels seus projectes per informar la resta de fam\u00edlies i aconseguir que s&#8217;impliquin i participin. <\/p>\n\n\n\n<p>Des de comunicaci\u00f3 es gestiona i dinamitza el <span class=\"has-inline-color has-vivid-green-cyan-color\">projecte de fam\u00edlies delegades <\/span>que es considera un pilar important de comunicaci\u00f3.  <\/p>\n\n\n\n<p>Tamb\u00e9 es gestiona <span class=\"has-inline-color has-vivid-green-cyan-color\">la Revista <\/span>Florescola que va n\u00e9ixer amb la funci\u00f3 de fer part\u00edcips als infants i traspassar els murs de l&#8217;escola. <\/p>\n\n\n\n<p><strong>Si vols participar en la creaci\u00f3 de la revista de l&#8217;escola, pots unir-te al grup de whatsapp mitjan\u00e7ant aquest enlla\u00e7:<\/strong><\/p>\n\n\n\n<p><a href=\"https:\/\/chat.whatsapp.com\/Ig085vDU02i2ElAt4BoGSm\">https:\/\/chat.whatsapp.com\/Ig085vDU02i2ElAt4BoGSm<\/a><\/p>\n\n\n\n<p><\/p>\n\n\n\n<p><\/p>\n","protected":false},"excerpt":{"rendered":"<p>Qui som? Actualment aquesta comissi\u00f3 est\u00e0 formada per diverses fam\u00edlies. Creiem en una bona comunicaci\u00f3 transparent, accesible i assertiva. Si en vols formar part, escriu-nos per email: comunicacio@afafloresta.org O uneix-te al grup de whatsapp: https:\/\/chat.whatsapp.com\/ElTtoLOTdpm8AocOrK2O7m Qu\u00e8 fem? La comissi\u00f3 de [&hellip;]<\/p>\n","protected":false},"author":1,"featured_media":0,"parent":1084,"menu_order":0,"comment_status":"closed","ping_status":"closed","template":"","meta":{"footnotes":""},"class_list":["post-543","page","type-page","status-publish","hentry"],"_links":{"self":[{"href":"http:\/\/afafloresta.org\/index.php\/wp-json\/wp\/v2\/pages\/543","targetHints":{"allow":["GET"]}}],"collection":[{"href":"http:\/\/afafloresta.org\/index.php\/wp-json\/wp\/v2\/pages"}],"about":[{"href":"http:\/\/afafloresta.org\/index.php\/wp-json\/wp\/v2\/types\/page"}],"author":[{"embeddable":true,"href":"http:\/\/afafloresta.org\/index.php\/wp-json\/wp\/v2\/users\/1"}],"replies":[{"embeddable":true,"href":"http:\/\/afafloresta.org\/index.php\/wp-json\/wp\/v2\/comments?post=543"}],"version-history":[{"count":12,"href":"http:\/\/afafloresta.org\/index.php\/wp-json\/wp\/v2\/pages\/543\/revisions"}],"predecessor-version":[{"id":1307,"href":"http:\/\/afafloresta.org\/index.php\/wp-json\/wp\/v2\/pages\/543\/revisions\/1307"}],"up":[{"embeddable":true,"href":"http:\/\/afafloresta.org\/index.php\/wp-json\/wp\/v2\/pages\/1084"}],"wp:attachment":[{"href":"http:\/\/afafloresta.org\/index.php\/wp-json\/wp\/v2\/media?parent=543"}],"curies":[{"name":"wp","href":"https:\/\/api.w.org\/{rel}","templated":true}]}}