{"id":537,"date":"2019-03-24T21:45:23","date_gmt":"2019-03-24T21:45:23","guid":{"rendered":"http:\/\/afafloresta.org\/?page_id=537"},"modified":"2022-11-22T10:17:14","modified_gmt":"2022-11-22T10:17:14","slug":"biblioberta","status":"publish","type":"page","link":"http:\/\/afafloresta.org\/index.php\/biblioberta\/","title":{"rendered":"BIBLIOBERTA"},"content":{"rendered":"\n<div class=\"wp-block-image\"><figure class=\"aligncenter size-large is-resized\"><img loading=\"lazy\" decoding=\"async\" src=\"https:\/\/afafloresta.org\/wp-content\/uploads\/2020\/10\/gaelle-marcel-L8SNwGUNqbU-unsplash-684x1024.jpg\" alt=\"\" class=\"wp-image-871\" width=\"221\" height=\"331\" srcset=\"http:\/\/afafloresta.org\/wp-content\/uploads\/2020\/10\/gaelle-marcel-L8SNwGUNqbU-unsplash-684x1024.jpg 684w, http:\/\/afafloresta.org\/wp-content\/uploads\/2020\/10\/gaelle-marcel-L8SNwGUNqbU-unsplash-200x300.jpg 200w, http:\/\/afafloresta.org\/wp-content\/uploads\/2020\/10\/gaelle-marcel-L8SNwGUNqbU-unsplash-768x1150.jpg 768w, http:\/\/afafloresta.org\/wp-content\/uploads\/2020\/10\/gaelle-marcel-L8SNwGUNqbU-unsplash-1025x1536.jpg 1025w, http:\/\/afafloresta.org\/wp-content\/uploads\/2020\/10\/gaelle-marcel-L8SNwGUNqbU-unsplash-1367x2048.jpg 1367w, http:\/\/afafloresta.org\/wp-content\/uploads\/2020\/10\/gaelle-marcel-L8SNwGUNqbU-unsplash-scaled.jpg 1709w\" sizes=\"auto, (max-width: 221px) 100vw, 221px\" \/><\/figure><\/div>\n\n\n\n<p>Projecte destinat a obrir &nbsp;la biblioteca les tardes, fora del horari lectiu. Recurs obert a les fam\u00edlies i als infants.<\/p>\n\n\n\n<p>Ho gestionem des d&#8217; aquesta comissi\u00f3, formada per fam\u00edlies. &nbsp;&nbsp;<\/p>\n\n\n\n<p><strong>Si vols m\u00e9s informaci\u00f3 o vols afegir-te com a fam\u00edlia volunt\u00e0ria, escriu-nos a:<\/strong><\/p>\n\n\n\n<p><a href=\"mailto:biblioberta@afafloresta.org\">biblioberta@afafloresta.org<\/a><\/p>\n\n\n\n<p><strong>O uneix-te al grup de whatsapp:<\/strong><\/p>\n\n\n\n<p><a href=\"https:\/\/chat.whatsapp.com\/GPDew4TqdwfEUX48xTARi0\">https:\/\/chat.whatsapp.com\/GPDew4TqdwfEUX48xTARi0<\/a><\/p>\n","protected":false},"excerpt":{"rendered":"<p>Projecte destinat a obrir &nbsp;la biblioteca les tardes, fora del horari lectiu. Recurs obert a les fam\u00edlies i als infants. Ho gestionem des d&#8217; aquesta comissi\u00f3, formada per fam\u00edlies. &nbsp;&nbsp; Si vols m\u00e9s informaci\u00f3 o vols afegir-te com a fam\u00edlia [&hellip;]<\/p>\n","protected":false},"author":1,"featured_media":0,"parent":0,"menu_order":0,"comment_status":"closed","ping_status":"closed","template":"","meta":{"footnotes":""},"class_list":["post-537","page","type-page","status-publish","hentry"],"_links":{"self":[{"href":"http:\/\/afafloresta.org\/index.php\/wp-json\/wp\/v2\/pages\/537","targetHints":{"allow":["GET"]}}],"collection":[{"href":"http:\/\/afafloresta.org\/index.php\/wp-json\/wp\/v2\/pages"}],"about":[{"href":"http:\/\/afafloresta.org\/index.php\/wp-json\/wp\/v2\/types\/page"}],"author":[{"embeddable":true,"href":"http:\/\/afafloresta.org\/index.php\/wp-json\/wp\/v2\/users\/1"}],"replies":[{"embeddable":true,"href":"http:\/\/afafloresta.org\/index.php\/wp-json\/wp\/v2\/comments?post=537"}],"version-history":[{"count":7,"href":"http:\/\/afafloresta.org\/index.php\/wp-json\/wp\/v2\/pages\/537\/revisions"}],"predecessor-version":[{"id":1309,"href":"http:\/\/afafloresta.org\/index.php\/wp-json\/wp\/v2\/pages\/537\/revisions\/1309"}],"wp:attachment":[{"href":"http:\/\/afafloresta.org\/index.php\/wp-json\/wp\/v2\/media?parent=537"}],"curies":[{"name":"wp","href":"https:\/\/api.w.org\/{rel}","templated":true}]}}